{"id":4327,"date":"2025-07-10T10:48:21","date_gmt":"2025-07-10T08:48:21","guid":{"rendered":"https:\/\/www.viajarsolo.com\/blog\/?page_id=4327"},"modified":"2026-01-15T16:06:24","modified_gmt":"2026-01-15T15:06:24","slug":"inicio","status":"publish","type":"page","link":"https:\/\/www.viajarsolo.com\/blog\/","title":{"rendered":"Inicio"},"content":{"rendered":"<style>.wp-show-posts-columns#wpsp-4325 {margin-left: -2em; }.wp-show-posts-columns#wpsp-4325 .wp-show-posts-inner {margin: 0 0 2em 2em; }<\/style><section id=\"wpsp-4325\" class=\" wp-show-posts\" style=\"\"><article class=\" wp-show-posts-single wpsp-clearfix post-1422 post type-post status-publish format-standard has-post-thumbnail hentry category-exclusivos-viajarsolo category-viajes-de-mar tag-delfines tag-mar-rojo\" itemtype=\"http:\/\/schema.org\/CreativeWork\" itemscope><div class=\"wp-show-posts-inner\" style=\"\">\t\t<div class=\"wp-show-posts-image  wpsp-image-center \">\n\t\t\t<a href=\"https:\/\/www.viajarsolo.com\/blog\/nadar-delfines-libertad\/\"  title=\"Nadar con delfines en libertad: una experiencia \u00fanica y responsable\"><img loading=\"lazy\" decoding=\"async\" width=\"1080\" height=\"675\" src=\"https:\/\/www.viajarsolo.com\/blog\/wp-content\/uploads\/2016\/05\/Nadar-con-delfines-en-libertad_-una-experiencia-unica-y-responsable.jpg\" class=\"attachment-full size-full wp-post-image\" alt=\"Nadar con delfines en libertad_ una experiencia \u00fanica y responsable\" itemprop=\"image\" srcset=\"https:\/\/www.viajarsolo.com\/blog\/wp-content\/uploads\/2016\/05\/Nadar-con-delfines-en-libertad_-una-experiencia-unica-y-responsable.jpg 1080w, https:\/\/www.viajarsolo.com\/blog\/wp-content\/uploads\/2016\/05\/Nadar-con-delfines-en-libertad_-una-experiencia-unica-y-responsable-300x188.jpg 300w, https:\/\/www.viajarsolo.com\/blog\/wp-content\/uploads\/2016\/05\/Nadar-con-delfines-en-libertad_-una-experiencia-unica-y-responsable-1024x640.jpg 1024w, https:\/\/www.viajarsolo.com\/blog\/wp-content\/uploads\/2016\/05\/Nadar-con-delfines-en-libertad_-una-experiencia-unica-y-responsable-768x480.jpg 768w\" sizes=\"auto, (max-width: 1080px) 100vw, 1080px\" \/><\/a>\t\t<\/div>\n\t\t\t\t\t\t\t\t<div class=\"wp-show-posts-entry-content\" itemprop=\"text\">\n\t\t\t\t\t\t\t<p>Creo que no hay nadie a quien no le fascine la mirada y la sonrisa de los <strong>delfines<\/strong>. Es uno de esos animales por los que todos sentimos especial simpat\u00eda y so\u00f1amos siempre con nadar junto a ellos, dejar que jueguen con nosotros y nos fascinen con su espect\u00e1culo de saltos, giros y piruetas.<\/p>\n<p>Hay animales que despiertan ternura, admiraci\u00f3n y una curiosidad casi infantil, y los delfines ocupan, sin duda, uno de los primeros puestos. Su forma de moverse, su inteligencia, su aparente alegr\u00eda y esa conexi\u00f3n tan especial que parecen tener con el ser humano hacen que much\u00edsimas personas se pregunten alguna vez <strong>d\u00f3nde nadar con delfines<\/strong> o incluso <strong>d\u00f3nde nadar con delfines en libertad<\/strong>. Y es l\u00f3gico. Es un sue\u00f1o precioso.<\/p>\n<p>Pero precisamente porque es un sue\u00f1o tan especial, merece cumplirse bien. Merece hacerse desde el respeto, desde la emoci\u00f3n aut\u00e9ntica y desde la libertad. Porque s\u00ed, este sue\u00f1o se puede hacer realidad, pero <strong>nunca, nunca, jam\u00e1s pens\u00e9is en un delfinario<\/strong>, un zoo o cualquier lugar donde est\u00e9n recluidos en una cubeta, por m\u00e1s que quieran darle sensaci\u00f3n de \u201cgran tama\u00f1o\u201d, donde est\u00e1n hacinados, encarcelados, tristes&#8230; o peor a\u00fan, donde ni siquiera han conocido la libertad.<\/p>\n\t\t\t\t\t\t<\/div><!-- .entry-content -->\n\t\t\t\t\t<div class=\"wpsp-read-more\"><a title=\"Nadar con delfines en libertad: una experiencia \u00fanica y responsable\" class=\"wp-show-posts-read-more\" href=\"https:\/\/www.viajarsolo.com\/blog\/nadar-delfines-libertad\/\">Leer m\u00e1s<\/a><\/div><\/div><!-- wp-show-posts-inner --><div class=\"wpsp-clear\"><\/div><\/article><article class=\" wp-show-posts-single wpsp-clearfix post-4496 post type-post status-publish format-standard has-post-thumbnail hentry category-grandes-viajes\" itemtype=\"http:\/\/schema.org\/CreativeWork\" itemscope><div class=\"wp-show-posts-inner\" style=\"\">\t\t<div class=\"wp-show-posts-image  wpsp-image-center \">\n\t\t\t<a href=\"https:\/\/www.viajarsolo.com\/blog\/playas-de-mozambique\/\"  title=\"&#x1f3dd;&#xfe0f; Playas de Mozambique: descubre el para\u00edso africano que a\u00fan pocos conocen\"><img loading=\"lazy\" decoding=\"async\" width=\"1080\" height=\"675\" src=\"https:\/\/www.viajarsolo.com\/blog\/wp-content\/uploads\/2026\/04\/Playas-de-Mozambique_.jpg\" class=\"attachment-full size-full wp-post-image\" alt=\"Playas de Mozambique\" itemprop=\"image\" srcset=\"https:\/\/www.viajarsolo.com\/blog\/wp-content\/uploads\/2026\/04\/Playas-de-Mozambique_.jpg 1080w, https:\/\/www.viajarsolo.com\/blog\/wp-content\/uploads\/2026\/04\/Playas-de-Mozambique_-300x188.jpg 300w, https:\/\/www.viajarsolo.com\/blog\/wp-content\/uploads\/2026\/04\/Playas-de-Mozambique_-1024x640.jpg 1024w, https:\/\/www.viajarsolo.com\/blog\/wp-content\/uploads\/2026\/04\/Playas-de-Mozambique_-768x480.jpg 768w\" sizes=\"auto, (max-width: 1080px) 100vw, 1080px\" \/><\/a>\t\t<\/div>\n\t\t\t\t\t\t\t\t<div class=\"wp-show-posts-entry-summary\" itemprop=\"text\">\n\t\t\t\t\t\t\t<p>Si est\u00e1s buscando un destino diferente, aut\u00e9ntico y lejos de las multitudes, las playas de Mozambique pueden convertirse en uno de los mayores descubrimientos de tu vida viajera. Porque aqu\u00ed no encontrar\u00e1s resorts masificados ni playas llenas de gente. Aqu\u00ed encontrar\u00e1s: Kil\u00f3metros de arena blanca casi virgen Aguas turquesa con&#8230;<\/p>\n\t\t\t\t\t\t<\/div><!-- .entry-summary -->\n\t\t\t\t\t<div class=\"wpsp-read-more\"><a title=\"&#x1f3dd;&#xfe0f; Playas de Mozambique: descubre el para\u00edso africano que a\u00fan pocos conocen\" class=\"wp-show-posts-read-more\" href=\"https:\/\/www.viajarsolo.com\/blog\/playas-de-mozambique\/\">Leer m\u00e1s<\/a><\/div><\/div><!-- wp-show-posts-inner --><div class=\"wpsp-clear\"><\/div><\/article><article class=\" wp-show-posts-single wpsp-clearfix post-2683 post type-post status-publish format-standard has-post-thumbnail hentry category-exclusivos-viajarsolo category-grandes-viajes category-naturaleza category-overland category-viajes-de-aventura\" itemtype=\"http:\/\/schema.org\/CreativeWork\" itemscope><div class=\"wp-show-posts-inner\" style=\"\">\t\t<div class=\"wp-show-posts-image  wpsp-image-center \">\n\t\t\t<a href=\"https:\/\/www.viajarsolo.com\/blog\/disfruta-de-la-aventura-con-nuestros-grandes-viajes\/\"  title=\"Grandes viajes por el mundo: experiencias \u00fanicas para viajar solo y vivir algo extraordinario\"><img loading=\"lazy\" decoding=\"async\" width=\"1080\" height=\"675\" src=\"https:\/\/www.viajarsolo.com\/blog\/wp-content\/uploads\/2018\/07\/Disfruta-de-la-aventura-con-nuestros-grandes-viajes.jpg\" class=\"attachment-full size-full wp-post-image\" alt=\"\" itemprop=\"image\" srcset=\"https:\/\/www.viajarsolo.com\/blog\/wp-content\/uploads\/2018\/07\/Disfruta-de-la-aventura-con-nuestros-grandes-viajes.jpg 1080w, https:\/\/www.viajarsolo.com\/blog\/wp-content\/uploads\/2018\/07\/Disfruta-de-la-aventura-con-nuestros-grandes-viajes-300x188.jpg 300w, https:\/\/www.viajarsolo.com\/blog\/wp-content\/uploads\/2018\/07\/Disfruta-de-la-aventura-con-nuestros-grandes-viajes-1024x640.jpg 1024w, https:\/\/www.viajarsolo.com\/blog\/wp-content\/uploads\/2018\/07\/Disfruta-de-la-aventura-con-nuestros-grandes-viajes-768x480.jpg 768w\" sizes=\"auto, (max-width: 1080px) 100vw, 1080px\" \/><\/a>\t\t<\/div>\n\t\t\t\t\t\t\t\t<div class=\"wp-show-posts-entry-content\" itemprop=\"text\">\n\t\t\t\t\t\t\t<p data-start=\"402\" data-end=\"595\">Si alguna vez has sentido que necesitas algo m\u00e1s que unas vacaciones\u2026 probablemente est\u00e9s listo para dar el salto a uno de esos <strong data-start=\"530\" data-end=\"561\">grandes viajes por el mundo<\/strong> que marcan un antes y un despu\u00e9s.<\/p>\n<p data-start=\"597\" data-end=\"679\">Porque no se trata solo de cambiar de destino, sino de cambiar la forma de viajar.<\/p>\n<p data-start=\"681\" data-end=\"866\">En ViajarSolo llevamos a\u00f1os ayudando a personas que deciden dar ese paso: viajar solos, pero acompa\u00f1ados, con experiencias dise\u00f1adas para conectar con el mundo\u2026 y tambi\u00e9n con uno mismo.<\/p>\n<p data-start=\"868\" data-end=\"1034\">&#x1f449; Si est\u00e1s empezando, te recomendamos echar un vistazo a nuestros <a href=\"https:\/\/www.viajarsolo.com\/\"><strong data-start=\"935\" data-end=\"974\">viajes organizados para viajar solo<\/strong><\/a>, donde encontrar\u00e1s opciones adaptadas a todos los perfiles.<\/p>\n<p data-start=\"1036\" data-end=\"1225\">En este art\u00edculo hemos reunido algunos de los mejores <strong data-start=\"1090\" data-end=\"1108\">grandes viajes<\/strong>, con propuestas que combinan aventura, cultura, naturaleza y experiencias \u00fanicas que no vivir\u00edas viajando por libre.<\/p>\n\t\t\t\t\t\t<\/div><!-- .entry-content -->\n\t\t\t\t\t<div class=\"wpsp-read-more\"><a title=\"Grandes viajes por el mundo: experiencias \u00fanicas para viajar solo y vivir algo extraordinario\" class=\"wp-show-posts-read-more\" href=\"https:\/\/www.viajarsolo.com\/blog\/disfruta-de-la-aventura-con-nuestros-grandes-viajes\/\">Leer m\u00e1s<\/a><\/div><\/div><!-- wp-show-posts-inner --><div class=\"wpsp-clear\"><\/div><\/article><article class=\" wp-show-posts-single wpsp-clearfix post-2447 post type-post status-publish format-standard has-post-thumbnail hentry category-exclusivos-viajarsolo category-viajes-por-espana\" itemtype=\"http:\/\/schema.org\/CreativeWork\" itemscope><div class=\"wp-show-posts-inner\" style=\"\">\t\t<div class=\"wp-show-posts-image  wpsp-image-center \">\n\t\t\t<a href=\"https:\/\/www.viajarsolo.com\/blog\/donde-viajar-en-semana-santa-por-europa-y-espana\/\"  title=\"Donde Viajar en Semana Santa 2026 por Europa y Espa\u00f1a\"><img loading=\"lazy\" decoding=\"async\" width=\"1080\" height=\"675\" src=\"https:\/\/www.viajarsolo.com\/blog\/wp-content\/uploads\/2018\/03\/donde-viajar-en-semana-santa-2026-por-europa-y-espana.jpg\" class=\"attachment-full size-full wp-post-image\" alt=\"donde viajar en semana santa 2026 por europa y espa\u00f1a\" itemprop=\"image\" srcset=\"https:\/\/www.viajarsolo.com\/blog\/wp-content\/uploads\/2018\/03\/donde-viajar-en-semana-santa-2026-por-europa-y-espana.jpg 1080w, https:\/\/www.viajarsolo.com\/blog\/wp-content\/uploads\/2018\/03\/donde-viajar-en-semana-santa-2026-por-europa-y-espana-300x188.jpg 300w, https:\/\/www.viajarsolo.com\/blog\/wp-content\/uploads\/2018\/03\/donde-viajar-en-semana-santa-2026-por-europa-y-espana-1024x640.jpg 1024w, https:\/\/www.viajarsolo.com\/blog\/wp-content\/uploads\/2018\/03\/donde-viajar-en-semana-santa-2026-por-europa-y-espana-768x480.jpg 768w\" sizes=\"auto, (max-width: 1080px) 100vw, 1080px\" \/><\/a>\t\t<\/div>\n\t\t\t\t\t\t\t\t<div class=\"wp-show-posts-entry-summary\" itemprop=\"text\">\n\t\t\t\t\t\t\t<p>Se acerca la Semana Santa y las vacaciones. Si est\u00e1is pensando en un viaje por Europa o por Espa\u00f1a, en ViajarSolo tenemos una gran variedad de propuestas, con escapadas que van de 9 a 3 d\u00edas. Seguro que hay una que se adapta a vuestras preferencias y disponibilidad. \u00bfBuscas ideas&#8230;<\/p>\n\t\t\t\t\t\t<\/div><!-- .entry-summary -->\n\t\t\t\t\t<div class=\"wpsp-read-more\"><a title=\"Donde Viajar en Semana Santa 2026 por Europa y Espa\u00f1a\" class=\"wp-show-posts-read-more\" href=\"https:\/\/www.viajarsolo.com\/blog\/donde-viajar-en-semana-santa-por-europa-y-espana\/\">Leer m\u00e1s<\/a><\/div><\/div><!-- wp-show-posts-inner --><div class=\"wpsp-clear\"><\/div><\/article><article class=\" wp-show-posts-single wpsp-clearfix post-3436 post type-post status-publish format-standard has-post-thumbnail hentry category-consejos-para-viajar category-viajes-de-fiesta tag-como-se-celebra-semana-santa tag-easter tag-pascua tag-semana-santa tag-semana-santa-por-el-mundo\" itemtype=\"http:\/\/schema.org\/CreativeWork\" itemscope><div class=\"wp-show-posts-inner\" style=\"\">\t\t<div class=\"wp-show-posts-image  wpsp-image-center \">\n\t\t\t<a href=\"https:\/\/www.viajarsolo.com\/blog\/como-se-celebra-semana-santa-por-el-mundo\/\"  title=\"Como se Celebra Semana Santa por el Mundo\"><img loading=\"lazy\" decoding=\"async\" width=\"1080\" height=\"675\" src=\"https:\/\/www.viajarsolo.com\/blog\/wp-content\/uploads\/2020\/03\/Como-se-Celebra-Semana-Santa-por-el-Mundo.webp\" class=\"attachment-full size-full wp-post-image\" alt=\"\" itemprop=\"image\" srcset=\"https:\/\/www.viajarsolo.com\/blog\/wp-content\/uploads\/2020\/03\/Como-se-Celebra-Semana-Santa-por-el-Mundo.webp 1080w, https:\/\/www.viajarsolo.com\/blog\/wp-content\/uploads\/2020\/03\/Como-se-Celebra-Semana-Santa-por-el-Mundo-300x188.webp 300w, https:\/\/www.viajarsolo.com\/blog\/wp-content\/uploads\/2020\/03\/Como-se-Celebra-Semana-Santa-por-el-Mundo-1024x640.webp 1024w, https:\/\/www.viajarsolo.com\/blog\/wp-content\/uploads\/2020\/03\/Como-se-Celebra-Semana-Santa-por-el-Mundo-768x480.webp 768w\" sizes=\"auto, (max-width: 1080px) 100vw, 1080px\" \/><\/a>\t\t<\/div>\n\t\t\t\t\t\t\t\t<div class=\"wp-show-posts-entry-content\" itemprop=\"text\">\n\t\t\t\t\t\t\t<p>Si quieres saber <strong>como se celebra semana santa por el mundo<\/strong> normalmente, ap\u00fantate a viajar desde casa con nosotros. Hace unos d\u00edas, ya publicamos un <a href=\"https:\/\/www.viajarsolo.com\/blog\/que-ver-estambul-tour-virtual\/\" target=\"_blank\" rel=\"noopener noreferrer\">tour virtual de la ciudad de Estambul<\/a>. Y ahora continuamos con nuestros viajes desde el sof\u00e1 de casa.<\/p>\n<p>Como ya sabr\u00e1s, <strong data-start=\"1031\" data-end=\"1106\">la Pascua es una fecha muy importante para muchas culturas y religiones<\/strong>. Para los viajeros como nosotros, supone una oportunidad \u00fanica: normalmente disponemos de unos 10 d\u00edas para aprovecharlos al m\u00e1ximo y visitar otros lugares. En cambio, para aquellos que son practicantes, esta festividad representa la resurrecci\u00f3n de Jesucristo tres d\u00edas despu\u00e9s de ser crucificado.<\/p>\n<h2><strong data-start=\"1409\" data-end=\"1453\">En qu\u00e9 pa\u00edses se celebra la Semana Santa<\/strong><\/h2>\n<p data-start=\"1409\" data-end=\"1700\"><strong data-start=\"1409\" data-end=\"1453\">En qu\u00e9 pa\u00edses se celebra la Semana Santa<\/strong> es una pregunta que puede tener muchas respuestas, ya que esta tradici\u00f3n est\u00e1 profundamente arraigada no solo en Espa\u00f1a, sino tambi\u00e9n en Latinoam\u00e9rica, Europa y parte de Asia. Cada pa\u00eds le imprime su car\u00e1cter, su simbolismo y su forma de vivirla.<\/p>\n<p data-start=\"1702\" data-end=\"2013\"><strong data-start=\"1702\" data-end=\"1920\">En estos momentos, donde quiz\u00e1 no podamos viajar tanto como quisi\u00e9ramos, la Semana Santa tambi\u00e9n puede ser un tiempo perfecto para inspirarnos, leer sobre otras culturas y empezar a planear nuestra pr\u00f3xima escapada<\/strong>. Porque, si algo sabemos los viajeros, es que siempre hay un siguiente destino esper\u00e1ndonos.<\/p>\n<p data-start=\"2015\" data-end=\"2382\">&#x1f4a1; <em data-start=\"2018\" data-end=\"2382\">Recuerdo perfectamente una Semana Santa que pas\u00e9 viajando por el sur de Italia. Fue una experiencia profundamente conmovedora: en ciudades como Matera o N\u00e1poles, las calles se llenaban de devoci\u00f3n, m\u00fasica sacra y pasos tradicionales. Compartir esos d\u00edas con gente local me hizo sentir parte de algo m\u00e1s grande, y reafirm\u00f3 mi amor por viajar en estas fechas.<\/em><\/p>\n<p data-start=\"2384\" data-end=\"2592\">&#x1f449; <strong data-start=\"2387\" data-end=\"2592\">Y si este a\u00f1o te apetece vivir algo as\u00ed, en <a class=\"decorated-link cursor-pointer\" href=\"https:\/\/www.viajarsolo.com\/viajes-en-semana-santa\/?hasDepartures=1\" target=\"_new\" rel=\"noopener\" data-start=\"2433\" data-end=\"2523\">nuestros viajes para Semana Santa<\/a> encontrar\u00e1s planes \u00fanicos para disfrutar solo&#8230; pero en compa\u00f1\u00eda.<\/strong><\/p>\n\t\t\t\t\t\t<\/div><!-- .entry-content -->\n\t\t\t\t\t<div class=\"wpsp-read-more\"><a title=\"Como se Celebra Semana Santa por el Mundo\" class=\"wp-show-posts-read-more\" href=\"https:\/\/www.viajarsolo.com\/blog\/como-se-celebra-semana-santa-por-el-mundo\/\">Leer m\u00e1s<\/a><\/div><\/div><!-- wp-show-posts-inner --><div class=\"wpsp-clear\"><\/div><\/article><article class=\" wp-show-posts-single wpsp-clearfix post-1258 post type-post status-publish format-standard has-post-thumbnail hentry category-grandes-viajes category-viajes-de-aventura tag-alimentacion tag-bebida tag-egipto\" itemtype=\"http:\/\/schema.org\/CreativeWork\" itemscope><div class=\"wp-show-posts-inner\" style=\"\">\t\t<div class=\"wp-show-posts-image  wpsp-image-center \">\n\t\t\t<a href=\"https:\/\/www.viajarsolo.com\/blog\/egipto-consejos-y-recomendaciones-de-viaje-2\/\"  title=\"Egipto: consejos y recomendaciones de viaje (y II)\"><img loading=\"lazy\" decoding=\"async\" width=\"1080\" height=\"675\" src=\"https:\/\/www.viajarsolo.com\/blog\/wp-content\/uploads\/2016\/04\/Egipto_-consejos-y-recomendaciones-de-viaje-y-II.jpg\" class=\"attachment-full size-full wp-post-image\" alt=\"Egipto: consejos y recomendaciones de viaje (y II)\" itemprop=\"image\" srcset=\"https:\/\/www.viajarsolo.com\/blog\/wp-content\/uploads\/2016\/04\/Egipto_-consejos-y-recomendaciones-de-viaje-y-II.jpg 1080w, https:\/\/www.viajarsolo.com\/blog\/wp-content\/uploads\/2016\/04\/Egipto_-consejos-y-recomendaciones-de-viaje-y-II-300x188.jpg 300w, https:\/\/www.viajarsolo.com\/blog\/wp-content\/uploads\/2016\/04\/Egipto_-consejos-y-recomendaciones-de-viaje-y-II-1024x640.jpg 1024w, https:\/\/www.viajarsolo.com\/blog\/wp-content\/uploads\/2016\/04\/Egipto_-consejos-y-recomendaciones-de-viaje-y-II-768x480.jpg 768w\" sizes=\"auto, (max-width: 1080px) 100vw, 1080px\" \/><\/a>\t\t<\/div>\n\t\t\t\t\t\t\t\t<div class=\"wp-show-posts-entry-content\" itemprop=\"text\">\n\t\t\t\t\t\t\t<p data-start=\"599\" data-end=\"889\">La gastronom\u00eda, el agua y la forma de desplazarse son algunos de los aspectos que m\u00e1s dudas generan al viajar a Egipto por primera vez. Comer bien, hidratarse de forma segura y saber qu\u00e9 llevar en la maleta puede marcar la diferencia entre un viaje inc\u00f3modo y una experiencia inolvidable.<\/p>\n<p data-start=\"896\" data-end=\"1111\">En esta segunda parte de nuestra gu\u00eda sobre viajar a Egipto nos centramos en aspectos pr\u00e1cticos del d\u00eda a d\u00eda: comida, bebida, tr\u00e1fico en El Cairo y qu\u00e9 llevar en la maleta para disfrutar del viaje con tranquilidad.<\/p>\n<p>Hoy continuamos con la segunda y \u00faltima parte de nuestro art\u00edculo con recomendaciones si viajas a Egipto, por ejemplo con nuestro <strong><a href=\"https:\/\/www.viajarsolo.com\/egipto-viajar-solo\/\" target=\"_blank\" rel=\"noopener noreferrer\">Egipto Single<\/a><\/strong>. En esta ocasi\u00f3n os hablaremos de algo tan importante como la bebida y la alimentaci\u00f3n cuando viajamos a un pa\u00eds con una gastronom\u00eda tan rica y diferente como la egipcia. Si os interesan otros consejos de los que hablamos en nuestra primera entrega puedes visitar <strong><a href=\"https:\/\/www.viajarsolo.com\/blog\/egipto-consejos-y-recomendaciones-de-viaje-1\/\" target=\"_blank\" rel=\"noopener noreferrer\">nuestro anterior art\u00edculo sobre consejos y recomendaciones de viaje a Egipto<\/a><\/strong><\/p>\n\t\t\t\t\t\t<\/div><!-- .entry-content -->\n\t\t\t\t\t<div class=\"wpsp-read-more\"><a title=\"Egipto: consejos y recomendaciones de viaje (y II)\" class=\"wp-show-posts-read-more\" href=\"https:\/\/www.viajarsolo.com\/blog\/egipto-consejos-y-recomendaciones-de-viaje-2\/\">Leer m\u00e1s<\/a><\/div><\/div><!-- wp-show-posts-inner --><div class=\"wpsp-clear\"><\/div><\/article><\/section><!-- .wp-show-posts --><div class=\"wpsp-load-more\"><span aria-current=\"page\" class=\"page-numbers current\">1<\/span>\n<a class=\"page-numbers\" href=\"https:\/\/www.viajarsolo.com\/blog\/wp-json\/wp\/v2\/pages\/4327\/page\/2\/\">2<\/a>\n<span class=\"page-numbers dots\">&hellip;<\/span>\n<a class=\"page-numbers\" href=\"https:\/\/www.viajarsolo.com\/blog\/wp-json\/wp\/v2\/pages\/4327\/page\/33\/\">33<\/a>\n<a class=\"next page-numbers\" href=\"https:\/\/www.viajarsolo.com\/blog\/wp-json\/wp\/v2\/pages\/4327\/page\/2\/\">Siguiente &rarr;<\/a><\/div>\n","protected":false},"excerpt":{"rendered":"","protected":false},"author":12,"featured_media":0,"parent":0,"menu_order":0,"comment_status":"closed","ping_status":"closed","template":"","meta":{"_exactmetrics_skip_tracking":false,"_exactmetrics_sitenote_active":false,"_exactmetrics_sitenote_note":"","_exactmetrics_sitenote_category":0,"footnotes":""},"class_list":["post-4327","page","type-page","status-publish","hentry"],"yoast_head":"<!-- This site is optimized with the Yoast SEO plugin v27.3 - https:\/\/yoast.com\/product\/yoast-seo-wordpress\/ -->\n<title>Viajar Solo por el Mundo | Blog para Aventureros<\/title>\n<meta name=\"description\" content=\"Explora el blog de Viajar Solo: todo lo que necesitas para organizar tu pr\u00f3xima escapada solo, con seguridad y libertad. Viaja solo sin miedo\" \/>\n<meta name=\"robots\" content=\"noindex, follow\" \/>\n<meta property=\"og:locale\" content=\"es_ES\" \/>\n<meta property=\"og:type\" content=\"article\" \/>\n<meta property=\"og:title\" content=\"Viajar Solo por el Mundo | Blog para Aventureros\" \/>\n<meta property=\"og:description\" content=\"Explora el blog de Viajar Solo: todo lo que necesitas para organizar tu pr\u00f3xima escapada solo, con seguridad y libertad. Viaja solo sin miedo\" \/>\n<meta property=\"og:url\" content=\"https:\/\/www.viajarsolo.com\/blog\/\" \/>\n<meta property=\"og:site_name\" content=\"ViajarSolo Blog\" \/>\n<meta property=\"article:publisher\" content=\"https:\/\/www.facebook.com\/ViajarSolo\" \/>\n<meta property=\"article:modified_time\" content=\"2026-01-15T15:06:24+00:00\" \/>\n<meta name=\"twitter:card\" content=\"summary_large_image\" \/>\n<meta name=\"twitter:site\" content=\"@ViajarSolo\" \/>\n<meta name=\"twitter:label1\" content=\"Tiempo de lectura\" \/>\n\t<meta name=\"twitter:data1\" content=\"1 minuto\" \/>\n<!-- \/ Yoast SEO plugin. -->","yoast_head_json":{"title":"Viajar Solo por el Mundo | Blog para Aventureros","description":"Explora el blog de Viajar Solo: todo lo que necesitas para organizar tu pr\u00f3xima escapada solo, con seguridad y libertad. Viaja solo sin miedo","robots":{"index":"noindex","follow":"follow"},"og_locale":"es_ES","og_type":"article","og_title":"Viajar Solo por el Mundo | Blog para Aventureros","og_description":"Explora el blog de Viajar Solo: todo lo que necesitas para organizar tu pr\u00f3xima escapada solo, con seguridad y libertad. Viaja solo sin miedo","og_url":"https:\/\/www.viajarsolo.com\/blog\/","og_site_name":"ViajarSolo Blog","article_publisher":"https:\/\/www.facebook.com\/ViajarSolo","article_modified_time":"2026-01-15T15:06:24+00:00","twitter_card":"summary_large_image","twitter_site":"@ViajarSolo","twitter_misc":{"Tiempo de lectura":"1 minuto"},"schema":{"@context":"https:\/\/schema.org","@graph":[{"@type":"WebPage","@id":"https:\/\/www.viajarsolo.com\/blog\/","url":"https:\/\/www.viajarsolo.com\/blog\/","name":"Viajar Solo por el Mundo | Blog para Aventureros","isPartOf":{"@id":"https:\/\/www.viajarsolo.com\/blog\/#website"},"datePublished":"2025-07-10T08:48:21+00:00","dateModified":"2026-01-15T15:06:24+00:00","description":"Explora el blog de Viajar Solo: todo lo que necesitas para organizar tu pr\u00f3xima escapada solo, con seguridad y libertad. Viaja solo sin miedo","breadcrumb":{"@id":"https:\/\/www.viajarsolo.com\/blog\/#breadcrumb"},"inLanguage":"es","potentialAction":[{"@type":"ReadAction","target":["https:\/\/www.viajarsolo.com\/blog\/"]}]},{"@type":"BreadcrumbList","@id":"https:\/\/www.viajarsolo.com\/blog\/#breadcrumb","itemListElement":[{"@type":"ListItem","position":1,"name":"Portada","item":"https:\/\/www.viajarsolo.com\/blog\/"},{"@type":"ListItem","position":2,"name":"Inicio"}]},{"@type":"WebSite","@id":"https:\/\/www.viajarsolo.com\/blog\/#website","url":"https:\/\/www.viajarsolo.com\/blog\/","name":"ViajarSolo Blog","description":"Punto de encuentro de los que tienen la pasi\u00f3n por viajar","publisher":{"@id":"https:\/\/www.viajarsolo.com\/blog\/#organization"},"potentialAction":[{"@type":"SearchAction","target":{"@type":"EntryPoint","urlTemplate":"https:\/\/www.viajarsolo.com\/blog\/?s={search_term_string}"},"query-input":{"@type":"PropertyValueSpecification","valueRequired":true,"valueName":"search_term_string"}}],"inLanguage":"es"},{"@type":"Organization","@id":"https:\/\/www.viajarsolo.com\/blog\/#organization","name":"ViajarSolo","url":"https:\/\/www.viajarsolo.com\/blog\/","logo":{"@type":"ImageObject","inLanguage":"es","@id":"https:\/\/www.viajarsolo.com\/blog\/#\/schema\/logo\/image\/","url":"https:\/\/www.viajarsolo.com\/blog\/wp-content\/uploads\/2023\/07\/buzon7x2_0.jpg","contentUrl":"https:\/\/www.viajarsolo.com\/blog\/wp-content\/uploads\/2023\/07\/buzon7x2_0.jpg","width":874,"height":283,"caption":"ViajarSolo"},"image":{"@id":"https:\/\/www.viajarsolo.com\/blog\/#\/schema\/logo\/image\/"},"sameAs":["https:\/\/www.facebook.com\/ViajarSolo","https:\/\/x.com\/ViajarSolo","https:\/\/www.instagram.com\/viajarsolo\/"]}]}},"_links":{"self":[{"href":"https:\/\/www.viajarsolo.com\/blog\/wp-json\/wp\/v2\/pages\/4327","targetHints":{"allow":["GET"]}}],"collection":[{"href":"https:\/\/www.viajarsolo.com\/blog\/wp-json\/wp\/v2\/pages"}],"about":[{"href":"https:\/\/www.viajarsolo.com\/blog\/wp-json\/wp\/v2\/types\/page"}],"author":[{"embeddable":true,"href":"https:\/\/www.viajarsolo.com\/blog\/wp-json\/wp\/v2\/users\/12"}],"replies":[{"embeddable":true,"href":"https:\/\/www.viajarsolo.com\/blog\/wp-json\/wp\/v2\/comments?post=4327"}],"version-history":[{"count":1,"href":"https:\/\/www.viajarsolo.com\/blog\/wp-json\/wp\/v2\/pages\/4327\/revisions"}],"predecessor-version":[{"id":4328,"href":"https:\/\/www.viajarsolo.com\/blog\/wp-json\/wp\/v2\/pages\/4327\/revisions\/4328"}],"wp:attachment":[{"href":"https:\/\/www.viajarsolo.com\/blog\/wp-json\/wp\/v2\/media?parent=4327"}],"curies":[{"name":"wp","href":"https:\/\/api.w.org\/{rel}","templated":true}]}}