{"id":4247,"date":"2024-12-13T12:34:18","date_gmt":"2024-12-13T11:34:18","guid":{"rendered":"https:\/\/www.viajarsolo.com\/blog\/?page_id=4247"},"modified":"2024-12-13T12:34:18","modified_gmt":"2024-12-13T11:34:18","slug":"declaracion-de-accesibilidad","status":"publish","type":"page","link":"https:\/\/www.viajarsolo.com\/blog\/declaracion-de-accesibilidad\/","title":{"rendered":"Declaraci\u00f3n de Accesibilidad"},"content":{"rendered":"<p>Estamos comprometidos a hacer accesible nuestro sitio web de conformidad con\u00a0el\u00a0<a href=\"https:\/\/www.boe.es\/diario_boe\/txt.php?id=BOE-A-2018-12699\">Real Decreto 1112\/2018, de 7 de septiembre, sobre accesibilidad de los sitios web y aplicaciones para dispositivos m\u00f3viles del sector p\u00fablico<\/a>\u00a0(en adelante, Real Decreto 1112\/2018, de 7 de septiembre), por el que se traspone la\u00a0<a href=\"https:\/\/www.boe.es\/buscar\/doc.php?id=DOUE-L-2016-82305\">Directiva (UE) 2016\/2102 del Parlamento Europeo y del Consejo, de 26 de octubre de 2016<\/a>.<\/p>\n<p><strong>Situaci\u00f3n de cumplimiento<\/strong><\/p>\n<p>Este sitio web es parcialmente conforme con el Real Decreto 1112\/2018, de 7 de septiembre, debido a la falta de conformidad de los aspectos que se indican a continuaci\u00f3n.<\/p>\n<p>As\u00ed, en la confecci\u00f3n del portal se han tenido en cuenta los siguientes aspectos para facilitar la accesibilidad:<\/p>\n<ul>\n<li>Utilizaci\u00f3n de texto alternativo en las im\u00e1genes.<\/li>\n<li>Los enlaces ofrecen detalles de la funci\u00f3n o destino del hiperv\u00ednculo.<\/li>\n<li>Uso de colores y contrastes adecuados para facilitar la legibilidad del contenido.<\/li>\n<li>Uso de CSS para la presentaci\u00f3n de la informaci\u00f3n.<\/li>\n<li>Etiquetas de marcaje.<\/li>\n<li>Posibilidad de contrastes y escala de grises.<\/li>\n<li>Sistemas de navegaci\u00f3n usables, intuitivos y alternativos.<\/li>\n<li>Descripciones alternativas en las im\u00e1genes.<\/li>\n<li>Verificaciones en la visualizaci\u00f3n con diferentes navegadores y dispositivos.<\/li>\n<li>Utilizaci\u00f3n de formatos universales y alternativos.<\/li>\n<li>Los enlaces ofrecen detalles de la funci\u00f3n o destino del hiperv\u00ednculo.<\/li>\n<li>Uso de los est\u00e1ndares del W3C.<\/li>\n<li>Acceso mediante atajos teclado a las principales opciones.<\/li>\n<\/ul>\n<p><strong>Atajos de teclado<\/strong><\/p>\n<p>En esta Web puede hacer saltos ordenados en el contenido con la tecla Tab.<\/p>\n<p><strong>Tama\u00f1o del texto<\/strong><\/p>\n<p>El dise\u00f1o accesible permite que el usuario pueda ajustar las fuentes al tama\u00f1o que le convenga. Esta acci\u00f3n puede llevarse a cabo de diferentes maneras seg\u00fan el navegador web que se utilice. A continuaci\u00f3n se indica la acci\u00f3n de men\u00fa donde se encuentra esta funcionalidad en los navegadores m\u00e1s frecuentes:<\/p>\n<p>Mozilla Firefox: Ver &gt; Tama\u00f1o de texto &gt; Incrementar Internet<br \/>\nInternet Explorer: Ver &gt; Tama\u00f1o de texto &gt; M\u00e1s grande<br \/>\nOpera: View &gt; Zoom &gt; %<br \/>\nSafari: View &gt; Make text bigger<br \/>\nGoogle Chrome: Herramientas &gt; Zoom<\/p>\n<p><strong>Configuraci\u00f3n t\u00e9cnica<\/strong><\/p>\n<p>Las p\u00e1ginas web est\u00e1n creadas con el CMS WordPress 6.7.1 y el tema Viajes Diferentes.<\/p>\n<p><strong>Observaciones y datos de contacto<\/strong><\/p>\n<p>Puede realizar comunicaciones sobre requisitos de accesibilidad (art\u00edculo 10.2.a) del Real Decreto 1112\/2018, de 7 de septiembre) como, por ejemplo:<\/p>\n<ul>\n<li>Informar sobre cualquier posible incumplimiento por parte de este sitio web.<\/li>\n<li>Transmitir otras dificultades de acceso al contenido.<\/li>\n<li>Formular cualquier otra consulta o sugerencia de mejora relativa a la accesibilidad del sitio web.<\/li>\n<\/ul>\n<p>A trav\u00e9s de las siguientes v\u00edas:<\/p>\n<ul>\n<li>Correo electr\u00f3nico: info@viajarsolo.com<\/li>\n<\/ul>\n<p>Las comunicaciones ser\u00e1n recibidas y tratadas por la direcci\u00f3n de la empresa, como unidad responsable de los contenidos de este sitio web.<\/p>\n<p><strong>Preparaci\u00f3n de la presente declaraci\u00f3n de accesibilidad<\/strong><\/p>\n<p>La presente declaraci\u00f3n fue preparada el 16-06-2023. El m\u00e9todo empleado para preparar la declaraci\u00f3n ha sido una autoevaluaci\u00f3n llevada a cabo por la propia empresa, y en esa fecha se hizo la revisi\u00f3n del nivel de accesibilidad vigente en el momento.<\/p>\n<p>A partir de dicha fecha se llevan a cabo revisiones parciales diarias del contenido web nuevo o modificado, tanto de las plantillas como de las p\u00e1ginas y documentos finales publicados, a fin de asegurar el cumplimiento de los requerimientos de accesibilidad de la Norma UNE-EN 301549:2019, considerando las excepciones del Real Decreto 1112\/2018, de 7 de septiembre.<\/p>\n","protected":false},"excerpt":{"rendered":"<p>Estamos comprometidos a hacer accesible nuestro sitio web de conformidad con\u00a0el\u00a0Real Decreto 1112\/2018, de 7 de septiembre, sobre accesibilidad de los sitios web y aplicaciones para dispositivos m\u00f3viles del sector p\u00fablico\u00a0(en adelante, Real Decreto 1112\/2018, de 7 de septiembre), por el que se traspone la\u00a0Directiva (UE) 2016\/2102 del Parlamento Europeo y del Consejo, de 26 [&hellip;]<\/p>\n","protected":false},"author":12,"featured_media":0,"parent":0,"menu_order":0,"comment_status":"closed","ping_status":"closed","template":"","meta":{"_exactmetrics_skip_tracking":false,"_exactmetrics_sitenote_active":false,"_exactmetrics_sitenote_note":"","_exactmetrics_sitenote_category":0,"footnotes":""},"class_list":["post-4247","page","type-page","status-publish","hentry"],"yoast_head":"<!-- This site is optimized with the Yoast SEO plugin v27.4 - https:\/\/yoast.com\/product\/yoast-seo-wordpress\/ -->\n<title>Declaraci\u00f3n de Accesibilidad - ViajarSolo Blog<\/title>\n<meta name=\"robots\" content=\"noindex, follow\" \/>\n<meta property=\"og:locale\" content=\"es_ES\" \/>\n<meta property=\"og:type\" content=\"article\" \/>\n<meta property=\"og:title\" content=\"Declaraci\u00f3n de Accesibilidad - ViajarSolo Blog\" \/>\n<meta property=\"og:description\" content=\"Estamos comprometidos a hacer accesible nuestro sitio web de conformidad con\u00a0el\u00a0Real Decreto 1112\/2018, de 7 de septiembre, sobre accesibilidad de los sitios web y aplicaciones para dispositivos m\u00f3viles del sector p\u00fablico\u00a0(en adelante, Real Decreto 1112\/2018, de 7 de septiembre), por el que se traspone la\u00a0Directiva (UE) 2016\/2102 del Parlamento Europeo y del Consejo, de 26 [&hellip;]\" \/>\n<meta property=\"og:url\" content=\"https:\/\/www.viajarsolo.com\/blog\/declaracion-de-accesibilidad\/\" \/>\n<meta property=\"og:site_name\" content=\"ViajarSolo Blog\" \/>\n<meta property=\"article:publisher\" content=\"https:\/\/www.facebook.com\/ViajarSolo\" \/>\n<meta name=\"twitter:card\" content=\"summary_large_image\" \/>\n<meta name=\"twitter:site\" content=\"@ViajarSolo\" \/>\n<meta name=\"twitter:label1\" content=\"Tiempo de lectura\" \/>\n\t<meta name=\"twitter:data1\" content=\"3 minutos\" \/>\n<!-- \/ Yoast SEO plugin. -->","yoast_head_json":{"title":"Declaraci\u00f3n de Accesibilidad - ViajarSolo Blog","robots":{"index":"noindex","follow":"follow"},"og_locale":"es_ES","og_type":"article","og_title":"Declaraci\u00f3n de Accesibilidad - ViajarSolo Blog","og_description":"Estamos comprometidos a hacer accesible nuestro sitio web de conformidad con\u00a0el\u00a0Real Decreto 1112\/2018, de 7 de septiembre, sobre accesibilidad de los sitios web y aplicaciones para dispositivos m\u00f3viles del sector p\u00fablico\u00a0(en adelante, Real Decreto 1112\/2018, de 7 de septiembre), por el que se traspone la\u00a0Directiva (UE) 2016\/2102 del Parlamento Europeo y del Consejo, de 26 [&hellip;]","og_url":"https:\/\/www.viajarsolo.com\/blog\/declaracion-de-accesibilidad\/","og_site_name":"ViajarSolo Blog","article_publisher":"https:\/\/www.facebook.com\/ViajarSolo","twitter_card":"summary_large_image","twitter_site":"@ViajarSolo","twitter_misc":{"Tiempo de lectura":"3 minutos"},"schema":{"@context":"https:\/\/schema.org","@graph":[{"@type":"WebPage","@id":"https:\/\/www.viajarsolo.com\/blog\/declaracion-de-accesibilidad\/","url":"https:\/\/www.viajarsolo.com\/blog\/declaracion-de-accesibilidad\/","name":"Declaraci\u00f3n de Accesibilidad - ViajarSolo Blog","isPartOf":{"@id":"https:\/\/www.viajarsolo.com\/blog\/#website"},"datePublished":"2024-12-13T11:34:18+00:00","breadcrumb":{"@id":"https:\/\/www.viajarsolo.com\/blog\/declaracion-de-accesibilidad\/#breadcrumb"},"inLanguage":"es","potentialAction":[{"@type":"ReadAction","target":["https:\/\/www.viajarsolo.com\/blog\/declaracion-de-accesibilidad\/"]}]},{"@type":"BreadcrumbList","@id":"https:\/\/www.viajarsolo.com\/blog\/declaracion-de-accesibilidad\/#breadcrumb","itemListElement":[{"@type":"ListItem","position":1,"name":"Portada","item":"https:\/\/www.viajarsolo.com\/blog\/"},{"@type":"ListItem","position":2,"name":"Declaraci\u00f3n de Accesibilidad"}]},{"@type":"WebSite","@id":"https:\/\/www.viajarsolo.com\/blog\/#website","url":"https:\/\/www.viajarsolo.com\/blog\/","name":"ViajarSolo Blog","description":"Punto de encuentro de los que tienen la pasi\u00f3n por viajar","publisher":{"@id":"https:\/\/www.viajarsolo.com\/blog\/#organization"},"potentialAction":[{"@type":"SearchAction","target":{"@type":"EntryPoint","urlTemplate":"https:\/\/www.viajarsolo.com\/blog\/?s={search_term_string}"},"query-input":{"@type":"PropertyValueSpecification","valueRequired":true,"valueName":"search_term_string"}}],"inLanguage":"es"},{"@type":"Organization","@id":"https:\/\/www.viajarsolo.com\/blog\/#organization","name":"ViajarSolo","url":"https:\/\/www.viajarsolo.com\/blog\/","logo":{"@type":"ImageObject","inLanguage":"es","@id":"https:\/\/www.viajarsolo.com\/blog\/#\/schema\/logo\/image\/","url":"https:\/\/www.viajarsolo.com\/blog\/wp-content\/uploads\/2023\/07\/buzon7x2_0.jpg","contentUrl":"https:\/\/www.viajarsolo.com\/blog\/wp-content\/uploads\/2023\/07\/buzon7x2_0.jpg","width":874,"height":283,"caption":"ViajarSolo"},"image":{"@id":"https:\/\/www.viajarsolo.com\/blog\/#\/schema\/logo\/image\/"},"sameAs":["https:\/\/www.facebook.com\/ViajarSolo","https:\/\/x.com\/ViajarSolo","https:\/\/www.instagram.com\/viajarsolo\/"]}]}},"_links":{"self":[{"href":"https:\/\/www.viajarsolo.com\/blog\/wp-json\/wp\/v2\/pages\/4247","targetHints":{"allow":["GET"]}}],"collection":[{"href":"https:\/\/www.viajarsolo.com\/blog\/wp-json\/wp\/v2\/pages"}],"about":[{"href":"https:\/\/www.viajarsolo.com\/blog\/wp-json\/wp\/v2\/types\/page"}],"author":[{"embeddable":true,"href":"https:\/\/www.viajarsolo.com\/blog\/wp-json\/wp\/v2\/users\/12"}],"replies":[{"embeddable":true,"href":"https:\/\/www.viajarsolo.com\/blog\/wp-json\/wp\/v2\/comments?post=4247"}],"version-history":[{"count":1,"href":"https:\/\/www.viajarsolo.com\/blog\/wp-json\/wp\/v2\/pages\/4247\/revisions"}],"predecessor-version":[{"id":4248,"href":"https:\/\/www.viajarsolo.com\/blog\/wp-json\/wp\/v2\/pages\/4247\/revisions\/4248"}],"wp:attachment":[{"href":"https:\/\/www.viajarsolo.com\/blog\/wp-json\/wp\/v2\/media?parent=4247"}],"curies":[{"name":"wp","href":"https:\/\/api.w.org\/{rel}","templated":true}]}}